{"id":2072,"date":"2026-04-03T07:52:26","date_gmt":"2026-04-03T04:52:26","guid":{"rendered":"https:\/\/dev.hehkucustoms.fi\/?page_id=2072"},"modified":"2026-04-03T08:08:26","modified_gmt":"2026-04-03T05:08:26","slug":"infocenter","status":"publish","type":"page","link":"https:\/\/dev.hehkucustoms.fi\/index.php\/infocenter\/","title":{"rendered":"InfoCenter"},"content":{"rendered":"\t\t<div data-elementor-type=\"wp-page\" data-elementor-id=\"2072\" class=\"elementor elementor-2072\" data-elementor-post-type=\"page\">\n\t\t\t\t<div class=\"elementor-element elementor-element-1d87eabe e-flex e-con-boxed e-con e-parent\" data-id=\"1d87eabe\" data-element_type=\"container\" data-e-type=\"container\">\n\t\t\t\t\t<div class=\"e-con-inner\">\n\t\t<div class=\"elementor-element elementor-element-3d8825 e-flex e-con-boxed e-con e-child\" data-id=\"3d8825\" data-element_type=\"container\" data-e-type=\"container\">\n\t\t\t\t\t<div class=\"e-con-inner\">\n\t\t\t\t<div class=\"elementor-element elementor-element-14f1f330 elementor-widget elementor-widget-heading\" data-id=\"14f1f330\" data-element_type=\"widget\" data-e-type=\"widget\" data-widget_type=\"heading.default\">\n\t\t\t\t<div class=\"elementor-widget-container\">\n\t\t\t\t\t<h1 class=\"elementor-heading-title elementor-size-default\">InfoCenter<\/h1>\t\t\t\t<\/div>\n\t\t\t\t<\/div>\n\t\t\t\t<div class=\"elementor-element elementor-element-63a1072d elementor-widget elementor-widget-heading\" data-id=\"63a1072d\" data-element_type=\"widget\" data-e-type=\"widget\" data-widget_type=\"heading.default\">\n\t\t\t\t<div class=\"elementor-widget-container\">\n\t\t\t\t\t<h2 class=\"elementor-heading-title elementor-size-default\">HY\u00d6DYLLIST\u00c4 TIETOA HEHKUN OMISTAJILLE<\/h2>\t\t\t\t<\/div>\n\t\t\t\t<\/div>\n\t\t\t\t<div class=\"elementor-element elementor-element-3c814545 elementor-widget elementor-widget-text-editor\" data-id=\"3c814545\" data-element_type=\"widget\" data-e-type=\"widget\" data-widget_type=\"text-editor.default\">\n\t\t\t\t<div class=\"elementor-widget-container\">\n\t\t\t\t\t\t\t\t\t<div><strong>Turvauduthan Hehkusi huollossa aina ammattilaiseen, n\u00e4in varmistat takuun s\u00e4ilymisen.<\/strong><\/div><div>\u00a0<\/div><div><div>S\u00e4ilyt\u00e4 Hehkusi aina kuivassa ja l\u00e4mmitetyss\u00e4 tilassa. Pid\u00e4 se puhtaana, mutta \u00e4l\u00e4 k\u00e4yt\u00e4 liuottimia tahrojen poistoon. Tolex-pintaa voit voidella silikonipohjaisilla pintak\u00e4sittelyaineilla, mutta \u00e4l\u00e4 sumuta sit\u00e4 suoraan vahvistimeen, sill\u00e4 silikoni tunkeutuu tehokkaasti ja voi aiheuttaa toimintah\u00e4iri\u00f6it\u00e4 esim. potentiometreiss\u00e4. Vahvistinosan saa irroittaa s\u00e4hk\u00f6isten osien huoltoa varten vain putkivahvistimiin perehtynyt ammattilainen. <em>Vahvistimen sis\u00e4ll\u00e4 voi olla hengenvaarallisia j\u00e4nnitteit\u00e4 viel\u00e4 tuntien ajan pistotulpan irroittamisesta s\u00e4hk\u00f6verkosta.<\/em><\/div><\/div>\t\t\t\t\t\t\t\t<\/div>\n\t\t\t\t<\/div>\n\t\t\t\t\t<\/div>\n\t\t\t\t<\/div>\n\t\t\t\t\t<\/div>\n\t\t\t\t<\/div>\n\t\t\t\t<\/div>\n\t\t","protected":false},"excerpt":{"rendered":"<p>InfoCenter HY\u00d6DYLLIST\u00c4 TIETOA HEHKUN OMISTAJILLE Turvauduthan Hehkusi huollossa aina ammattilaiseen, n\u00e4in varmistat takuun s\u00e4ilymisen.\u00a0S\u00e4ilyt\u00e4 Hehkusi aina kuivassa ja l\u00e4mmitetyss\u00e4 tilassa. Pid\u00e4 se puhtaana, mutta \u00e4l\u00e4 k\u00e4yt\u00e4 liuottimia tahrojen poistoon. Tolex-pintaa voit voidella silikonipohjaisilla pintak\u00e4sittelyaineilla, mutta \u00e4l\u00e4 sumuta sit\u00e4 suoraan vahvistimeen, sill\u00e4 silikoni tunkeutuu tehokkaasti ja voi aiheuttaa toimintah\u00e4iri\u00f6it\u00e4 esim. potentiometreiss\u00e4. Vahvistinosan saa irroittaa s\u00e4hk\u00f6isten osien [&hellip;]<\/p>\n","protected":false},"author":1,"featured_media":0,"parent":0,"menu_order":0,"comment_status":"closed","ping_status":"closed","template":"","meta":{"footnotes":""},"class_list":["post-2072","page","type-page","status-publish","hentry"],"_links":{"self":[{"href":"https:\/\/dev.hehkucustoms.fi\/index.php\/wp-json\/wp\/v2\/pages\/2072","targetHints":{"allow":["GET"]}}],"collection":[{"href":"https:\/\/dev.hehkucustoms.fi\/index.php\/wp-json\/wp\/v2\/pages"}],"about":[{"href":"https:\/\/dev.hehkucustoms.fi\/index.php\/wp-json\/wp\/v2\/types\/page"}],"author":[{"embeddable":true,"href":"https:\/\/dev.hehkucustoms.fi\/index.php\/wp-json\/wp\/v2\/users\/1"}],"replies":[{"embeddable":true,"href":"https:\/\/dev.hehkucustoms.fi\/index.php\/wp-json\/wp\/v2\/comments?post=2072"}],"version-history":[{"count":16,"href":"https:\/\/dev.hehkucustoms.fi\/index.php\/wp-json\/wp\/v2\/pages\/2072\/revisions"}],"predecessor-version":[{"id":2093,"href":"https:\/\/dev.hehkucustoms.fi\/index.php\/wp-json\/wp\/v2\/pages\/2072\/revisions\/2093"}],"wp:attachment":[{"href":"https:\/\/dev.hehkucustoms.fi\/index.php\/wp-json\/wp\/v2\/media?parent=2072"}],"curies":[{"name":"wp","href":"https:\/\/api.w.org\/{rel}","templated":true}]}}